{"id":2394,"date":"2020-02-27T23:21:07","date_gmt":"2020-02-28T07:21:07","guid":{"rendered":"https:\/\/indigenoustourismconference.com\/home\/"},"modified":"2025-09-15T13:58:54","modified_gmt":"2025-09-15T20:58:54","slug":"home","status":"publish","type":"page","link":"https:\/\/indigenoustourismconference.com\/fr\/","title":{"rendered":"Home"},"content":{"rendered":"<p><span style=\"font-weight: 400;\">Tan\u2019si, Oki, Aba Washde, Taanishi, Halu, Hello, and Bonjour!<\/span><\/p>\n<p><span style=\"font-weight: 400;\">Bienvenue sur le site officiel du Congr\u00e8s international du tourisme autochtone 2026! Nous sommes ravis de vous inviter \u00e0 la 13e \u00e9dition du CITA, le plus grand congr\u00e8s du tourisme autochtone au monde, qui aura lieu du 17 au 19 f\u00e9vrier 2026. <span style=\"font-weight: 400;\">\u00a0<\/span><\/span><\/p>\n<div style=\"padding: 56.25% 0 0 0; position: relative;\"><iframe style=\"position: absolute; top: 0; left: 0; width: 100%; height: 100%;\" title=\"2026 IITC Explore Edmonton Promo Reel\" src=\"https:\/\/player.vimeo.com\/video\/1078084542?badge=0&amp;autopause=0&amp;player_id=0&amp;app_id=58479\" frameborder=\"0\"><span data-mce-type=\"bookmark\" style=\"display: inline-block; width: 0px; overflow: hidden; line-height: 0;\" class=\"mce_SELRES_start\">\ufeff<\/span><\/iframe><\/div>\n<p><script src=\"https:\/\/player.vimeo.com\/api\/player.js\"><\/script><\/p>\n<p><span style=\"font-weight: 400;\">Amiskwac\u00eew\u00e2skahikan, \u00e9galement connue sous le nom d&rsquo;Edmonton, est situ\u00e9e sur le territoire du trait\u00e9 n\u00b0 6, terre ancestrale de nombreuses Nations, notamment les Cris, les Saulteaux, les Pieds-Noirs, les Sioux et les M\u00e9tis.<\/span><\/p>\n<p><span style=\"font-weight: 400;\">Le CITA est un rassemblement de professionnels de l\u2019industrie, de chefs des communaut\u00e9s, d\u2019entrepreneurs et de partenaires vou\u00e9s \u00e0 la promotion et \u00e0 la c\u00e9l\u00e9bration de la richesse du tourisme autochtone. L\u2019objectif est de mettre en lumi\u00e8re la diversit\u00e9 des cultures, des traditions et des exp\u00e9riences touristiques offertes par les communaut\u00e9s autochtones au Canada et ailleurs.<\/span><\/p>\n<p><span style=\"font-weight: 400;\">#CITA2026.<\/span><\/p>\n","protected":false},"excerpt":{"rendered":"<p>Le #CITA2026 a le plaisir de vous inviter sur le territoire non c\u00e9d\u00e9 du trait\u00e9 n\u00b0 6, terre ancestrale de nombreuses Nations, notamment les Cris, les Saulteaux, les Pieds-Noirs, les Sioux et les M\u00e9tis, \u00e0 Edmonton, en Alberta, du 17 au 19 f\u00e9vrier 2026. Le CITA est un rassemblement de professionnels de l\u2019industrie, de chefs des communaut\u00e9s, d\u2019entrepreneurs et de partenaires vou\u00e9s \u00e0 la promotion et \u00e0 la c\u00e9l\u00e9bration de la richesse du tourisme autochtone.<\/p>\n","protected":false},"author":6,"featured_media":6038,"parent":0,"menu_order":15,"comment_status":"closed","ping_status":"closed","template":"page-home.php","meta":[],"class_list":["post-2394","page","type-page","status-publish","has-post-thumbnail","hentry","phase-pre-conference"],"yoast_head":"<!-- This site is optimized with the Yoast SEO plugin v23.2 - https:\/\/yoast.com\/wordpress\/plugins\/seo\/ -->\n<title>Home - 2026 IITC<\/title>\n<meta name=\"description\" content=\"Joignez-vous \u00e0 nous pour trois jours \u00e0 Edmonton, au Alberta, pour vivre une aventure vers la compr\u00e9hension et d\u00e9couvrir la riche mosa\u00efque du tourisme autochtone.\" \/>\n<meta name=\"robots\" content=\"index, follow, max-snippet:-1, max-image-preview:large, max-video-preview:-1\" \/>\n<link rel=\"canonical\" href=\"https:\/\/indigenoustourismconference.com\/fr\/\" \/>\n<meta property=\"og:locale\" content=\"fr_FR\" \/>\n<meta property=\"og:type\" content=\"article\" \/>\n<meta property=\"og:title\" content=\"Home - 2026 IITC\" \/>\n<meta property=\"og:description\" content=\"Joignez-vous \u00e0 nous pour trois jours \u00e0 Edmonton, au Alberta, pour vivre une aventure vers la compr\u00e9hension et d\u00e9couvrir la riche mosa\u00efque du tourisme autochtone.\" \/>\n<meta property=\"og:url\" content=\"https:\/\/indigenoustourismconference.com\/fr\/\" \/>\n<meta property=\"og:site_name\" content=\"2026 IITC\" \/>\n<meta property=\"article:modified_time\" content=\"2025-09-15T20:58:54+00:00\" \/>\n<meta property=\"og:image\" content=\"https:\/\/indigenoustourismconference.com\/wp-content\/uploads\/2025\/06\/CWH_____HOME-1.jpg\" \/>\n\t<meta property=\"og:image:width\" content=\"1200\" \/>\n\t<meta property=\"og:image:height\" content=\"630\" \/>\n\t<meta property=\"og:image:type\" content=\"image\/jpeg\" \/>\n<meta name=\"twitter:card\" content=\"summary_large_image\" \/>\n<meta name=\"twitter:image\" content=\"https:\/\/indigenoustourismconference.com\/wp-content\/uploads\/2023\/09\/23-07-IITC-Website-Image-FR.png\" \/>\n<meta name=\"twitter:label1\" content=\"Dur\u00e9e de lecture estim\u00e9e\" \/>\n\t<meta name=\"twitter:data1\" content=\"1 minute\" \/>\n<script type=\"application\/ld+json\" class=\"yoast-schema-graph\">{\"@context\":\"https:\/\/schema.org\",\"@graph\":[{\"@type\":\"WebPage\",\"@id\":\"https:\/\/indigenoustourismconference.com\/fr\/\",\"url\":\"https:\/\/indigenoustourismconference.com\/fr\/\",\"name\":\"Home - 2026 IITC\",\"isPartOf\":{\"@id\":\"https:\/\/indigenoustourismconference.com\/fr\/#website\"},\"primaryImageOfPage\":{\"@id\":\"https:\/\/indigenoustourismconference.com\/fr\/#primaryimage\"},\"image\":{\"@id\":\"https:\/\/indigenoustourismconference.com\/fr\/#primaryimage\"},\"thumbnailUrl\":\"https:\/\/indigenoustourismconference.com\/wp-content\/uploads\/2025\/08\/x2026-IITC-Website-Images-image-NO-TEXT.jpg\",\"datePublished\":\"2020-02-28T07:21:07+00:00\",\"dateModified\":\"2025-09-15T20:58:54+00:00\",\"description\":\"Joignez-vous \u00e0 nous pour trois jours \u00e0 Edmonton, au Alberta, pour vivre une aventure vers la compr\u00e9hension et d\u00e9couvrir la riche mosa\u00efque du tourisme autochtone.\",\"breadcrumb\":{\"@id\":\"https:\/\/indigenoustourismconference.com\/fr\/#breadcrumb\"},\"inLanguage\":\"fr-FR\",\"potentialAction\":[{\"@type\":\"ReadAction\",\"target\":[\"https:\/\/indigenoustourismconference.com\/fr\/\"]}]},{\"@type\":\"ImageObject\",\"inLanguage\":\"fr-FR\",\"@id\":\"https:\/\/indigenoustourismconference.com\/fr\/#primaryimage\",\"url\":\"https:\/\/indigenoustourismconference.com\/wp-content\/uploads\/2025\/08\/x2026-IITC-Website-Images-image-NO-TEXT.jpg\",\"contentUrl\":\"https:\/\/indigenoustourismconference.com\/wp-content\/uploads\/2025\/08\/x2026-IITC-Website-Images-image-NO-TEXT.jpg\",\"width\":1500,\"height\":1330},{\"@type\":\"BreadcrumbList\",\"@id\":\"https:\/\/indigenoustourismconference.com\/fr\/#breadcrumb\",\"itemListElement\":[{\"@type\":\"ListItem\",\"position\":1,\"name\":\"Home\",\"item\":\"https:\/\/indigenoustourismconference.com\/fr\/\"},{\"@type\":\"ListItem\",\"position\":2,\"name\":\"Home\"}]},{\"@type\":\"WebSite\",\"@id\":\"https:\/\/indigenoustourismconference.com\/fr\/#website\",\"url\":\"https:\/\/indigenoustourismconference.com\/fr\/\",\"name\":\"2026 IITC\",\"description\":\"International Indigenous Tourism Conference\",\"potentialAction\":[{\"@type\":\"SearchAction\",\"target\":{\"@type\":\"EntryPoint\",\"urlTemplate\":\"https:\/\/indigenoustourismconference.com\/fr\/?s={search_term_string}\"},\"query-input\":\"required name=search_term_string\"}],\"inLanguage\":\"fr-FR\"}]}<\/script>\n<!-- \/ Yoast SEO plugin. -->","yoast_head_json":{"title":"Home - 2026 IITC","description":"Joignez-vous \u00e0 nous pour trois jours \u00e0 Edmonton, au Alberta, pour vivre une aventure vers la compr\u00e9hension et d\u00e9couvrir la riche mosa\u00efque du tourisme autochtone.","robots":{"index":"index","follow":"follow","max-snippet":"max-snippet:-1","max-image-preview":"max-image-preview:large","max-video-preview":"max-video-preview:-1"},"canonical":"https:\/\/indigenoustourismconference.com\/fr\/","og_locale":"fr_FR","og_type":"article","og_title":"Home - 2026 IITC","og_description":"Joignez-vous \u00e0 nous pour trois jours \u00e0 Edmonton, au Alberta, pour vivre une aventure vers la compr\u00e9hension et d\u00e9couvrir la riche mosa\u00efque du tourisme autochtone.","og_url":"https:\/\/indigenoustourismconference.com\/fr\/","og_site_name":"2026 IITC","article_modified_time":"2025-09-15T20:58:54+00:00","og_image":[{"width":1200,"height":630,"url":"https:\/\/indigenoustourismconference.com\/wp-content\/uploads\/2025\/06\/CWH_____HOME-1.jpg","type":"image\/jpeg"}],"twitter_card":"summary_large_image","twitter_image":"https:\/\/indigenoustourismconference.com\/wp-content\/uploads\/2023\/09\/23-07-IITC-Website-Image-FR.png","twitter_misc":{"Dur\u00e9e de lecture estim\u00e9e":"1 minute"},"schema":{"@context":"https:\/\/schema.org","@graph":[{"@type":"WebPage","@id":"https:\/\/indigenoustourismconference.com\/fr\/","url":"https:\/\/indigenoustourismconference.com\/fr\/","name":"Home - 2026 IITC","isPartOf":{"@id":"https:\/\/indigenoustourismconference.com\/fr\/#website"},"primaryImageOfPage":{"@id":"https:\/\/indigenoustourismconference.com\/fr\/#primaryimage"},"image":{"@id":"https:\/\/indigenoustourismconference.com\/fr\/#primaryimage"},"thumbnailUrl":"https:\/\/indigenoustourismconference.com\/wp-content\/uploads\/2025\/08\/x2026-IITC-Website-Images-image-NO-TEXT.jpg","datePublished":"2020-02-28T07:21:07+00:00","dateModified":"2025-09-15T20:58:54+00:00","description":"Joignez-vous \u00e0 nous pour trois jours \u00e0 Edmonton, au Alberta, pour vivre une aventure vers la compr\u00e9hension et d\u00e9couvrir la riche mosa\u00efque du tourisme autochtone.","breadcrumb":{"@id":"https:\/\/indigenoustourismconference.com\/fr\/#breadcrumb"},"inLanguage":"fr-FR","potentialAction":[{"@type":"ReadAction","target":["https:\/\/indigenoustourismconference.com\/fr\/"]}]},{"@type":"ImageObject","inLanguage":"fr-FR","@id":"https:\/\/indigenoustourismconference.com\/fr\/#primaryimage","url":"https:\/\/indigenoustourismconference.com\/wp-content\/uploads\/2025\/08\/x2026-IITC-Website-Images-image-NO-TEXT.jpg","contentUrl":"https:\/\/indigenoustourismconference.com\/wp-content\/uploads\/2025\/08\/x2026-IITC-Website-Images-image-NO-TEXT.jpg","width":1500,"height":1330},{"@type":"BreadcrumbList","@id":"https:\/\/indigenoustourismconference.com\/fr\/#breadcrumb","itemListElement":[{"@type":"ListItem","position":1,"name":"Home","item":"https:\/\/indigenoustourismconference.com\/fr\/"},{"@type":"ListItem","position":2,"name":"Home"}]},{"@type":"WebSite","@id":"https:\/\/indigenoustourismconference.com\/fr\/#website","url":"https:\/\/indigenoustourismconference.com\/fr\/","name":"2026 IITC","description":"International Indigenous Tourism Conference","potentialAction":[{"@type":"SearchAction","target":{"@type":"EntryPoint","urlTemplate":"https:\/\/indigenoustourismconference.com\/fr\/?s={search_term_string}"},"query-input":"required name=search_term_string"}],"inLanguage":"fr-FR"}]}},"_links":{"self":[{"href":"https:\/\/indigenoustourismconference.com\/fr\/wp-json\/wp\/v2\/pages\/2394"}],"collection":[{"href":"https:\/\/indigenoustourismconference.com\/fr\/wp-json\/wp\/v2\/pages"}],"about":[{"href":"https:\/\/indigenoustourismconference.com\/fr\/wp-json\/wp\/v2\/types\/page"}],"author":[{"embeddable":true,"href":"https:\/\/indigenoustourismconference.com\/fr\/wp-json\/wp\/v2\/users\/6"}],"replies":[{"embeddable":true,"href":"https:\/\/indigenoustourismconference.com\/fr\/wp-json\/wp\/v2\/comments?post=2394"}],"version-history":[{"count":0,"href":"https:\/\/indigenoustourismconference.com\/fr\/wp-json\/wp\/v2\/pages\/2394\/revisions"}],"wp:featuredmedia":[{"embeddable":true,"href":"https:\/\/indigenoustourismconference.com\/fr\/wp-json\/wp\/v2\/media\/6038"}],"wp:attachment":[{"href":"https:\/\/indigenoustourismconference.com\/fr\/wp-json\/wp\/v2\/media?parent=2394"}],"curies":[{"name":"wp","href":"https:\/\/api.w.org\/{rel}","templated":true}]}}